{"id":950,"date":"2025-12-21T20:14:11","date_gmt":"2025-12-21T19:14:11","guid":{"rendered":"https:\/\/zagalak.rezerwuj-zabieg.pl\/?page_id=950"},"modified":"2026-01-16T18:21:14","modified_gmt":"2026-01-16T17:21:14","slug":"rafal-zagalak","status":"publish","type":"page","link":"https:\/\/zagalak.pl\/?page_id=950","title":{"rendered":"Rafa\u0142 Zagalak"},"content":{"rendered":"<div class=\"wpb-content-wrapper\"><p>[vc_row full_width=&#8221;stretch_row_content_no_spaces&#8221; equal_height=&#8221;yes&#8221; content_placement=&#8221;middle&#8221; ct_row_class=&#8221;bg-primary&#8221;][vc_column width=&#8221;1\/4&#8243; css=&#8221;.vc_custom_1768583343197{padding-top: 0px !important;background-image: url(https:\/\/zagalak.pl\/wp-content\/uploads\/2025\/12\/IMG_1926-scaled.jpeg?id=1119) !important;background-position: center !important;background-repeat: no-repeat !important;background-size: cover !important;}&#8221; offset=&#8221;vc_col-lg-6 vc_col-md-6&#8243;][ct_space space_lg=&#8221;330&#8243; space_md=&#8221;330&#8243; space_sm=&#8221;330&#8243; space_xs=&#8221;150&#8243;][ct_space space_lg=&#8221;330&#8243; space_md=&#8221;330&#8243; space_sm=&#8221;330&#8243; space_xs=&#8221;150&#8243;][ct_space space_lg=&#8221;330&#8243; space_md=&#8221;330&#8243; space_sm=&#8221;330&#8243; space_xs=&#8221;150&#8243;][\/vc_column][vc_column width=&#8221;3\/4&#8243; ct_column_class=&#8221;rm-padding-sm&#8221; css=&#8221;.vc_custom_1767621089695{padding-top: 30px !important;padding-right: 90px !important;padding-bottom: 30px !important;padding-left: 70px !important;}&#8221; offset=&#8221;vc_col-lg-6 vc_col-md-6&#8243;][ct_heading text=&#8221;RAFA\u0141 ZAGALAK&#8221; font_size=&#8221;80&#8243; font_size_md=&#8221;60&#8243; font_size_sm=&#8221;48&#8243; font_size_xs=&#8221;36&#8243; line_height=&#8221;90&#8243; line_height_md=&#8221;70&#8243; line_height_sm=&#8221;60&#8243; line_height_xs=&#8221;48&#8243; font_weight=&#8221;&#8221; text_color=&#8221;#ffffff&#8221; subtitle=&#8221;DR N. MED. LEK. STOM. LEK. MED.&#8221; subtitle_font_size=&#8221;16&#8243; subtitle_color=&#8221;#FFFFFF&#8221; description=&#8221;Precyzja, wiedza i pasja w s\u0142u\u017cbie doskona\u0142ego, zdrowego u\u015bmiechu<\/p>\n<p>Dr n. med. Rafa\u0142 Zagalak to uosobienie profesjonalizmu i nieustannego d\u0105\u017cenia do doskona\u0142o\u015bci w stomatologii. Jako absolwent Uniwersytetu Medycznego w Poznaniu, wykaza\u0142 si\u0119 wyj\u0105tkow\u0105 determinacj\u0105, zdobywaj\u0105c wykszta\u0142cenie najpierw na kierunku medycznym, a nast\u0119pnie stomatologicznym. Jego niezwyk\u0142a \u015bcie\u017cka naukowa zaowocowa\u0142a obron\u0105 doktoratu w zakresie implantologii stomatologicznej zaledwie 4 lata po uko\u0144czeniu studi\u00f3w \u2013 osi\u0105gni\u0119cie \u015bwiadcz\u0105ce o jego niezwyk\u0142ej dyscyplinie i konsekwencji w d\u0105\u017ceniu do celu.<\/p>\n<p>Szczeg\u00f3lnie imponuj\u0105cy jest jego wk\u0142ad w rozw\u00f3j nauki \u2013 kilkadziesi\u0105t publikacji naukowych, wyst\u0105pienia na polskich i mi\u0119dzynarodowych kongresach naukowych oraz wsp\u00f3\u0142autorstwo polskich i europejskich patent\u00f3w to dorobek, kt\u00f3ry powstawa\u0142 r\u00f3wnolegle z zawodowym zaanga\u017cowaniem w rozw\u00f3j i szkolenia w zakresie zastosowania rodzimego systemu implantologicznego Osteoplant. Jest cz\u0142onkiem mi\u0119dzynarodowego stowarzyszenia International Team for Implantology gdzie pe\u0142ni funkcj\u0119 dyrektora lokalnego Klubu Naukowego ITI, kt\u00f3ry integruje spo\u0142eczno\u015b\u0107 lekarzy implantolog\u00f3w i promuje najbardziej aktualn\u0105 wiedz\u0119 implantologiczn\u0105.<br \/>\nPosiada r\u00f3wnie\u017c certyfikat umiej\u0119tno\u015bci w zakresie implantologii stomatologicznej, wydany przez Og\u00f3lnopolskie Stowarzyszenie Implantologii Stomatologicznej.<\/p>\n<p>W\u0142asna klinika stanowi dla niego przestrze\u0144, gdzie mo\u017ce realizowa\u0107 swoj\u0105 wizj\u0119 kompleksowego leczenia, opartego na wnikliwej obserwacji i starannym planowaniu ka\u017cdego przypadku. Podczas zabieg\u00f3w wykazuje si\u0119 niezwyk\u0142ym skupieniem i precyzj\u0105, podejmuj\u0105c si\u0119 najtrudniejszych wyzwa\u0144 w implantologii ze spokojem i pewno\u015bci\u0105, kt\u00f3re mog\u0105 dawa\u0107 tylko dog\u0142\u0119bna wiedza i do\u015bwiadczenie.&#8221; description_font_size=&#8221;18&#8243; description_line_height=&#8221;30&#8243; description_color=&#8221;#FFFFFF&#8221; margin_bottom=&#8221;20&#8243;][\/vc_column][\/vc_row][vc_row full_width=&#8221;stretch_row_content_no_spaces&#8221; equal_height=&#8221;yes&#8221; content_placement=&#8221;middle&#8221;][vc_column width=&#8221;1\/2&#8243; ct_column_class=&#8221;rm-padding-sm&#8221; css=&#8221;.vc_custom_1766344726003{padding-top: 20px !important;padding-right: 50px !important;padding-bottom: 20px !important;padding-left: 70px !important;}&#8221;][ct_heading text_below_color=&#8221;#0342A9&#8243; font_size=&#8221;80&#8243; font_size_md=&#8221;60&#8243; font_size_sm=&#8221;48&#8243; font_size_xs=&#8221;36&#8243; line_height=&#8221;90&#8243; line_height_md=&#8221;70&#8243; line_height_sm=&#8221;60&#8243; line_height_xs=&#8221;48&#8243; font_weight=&#8221;&#8221; text_color=&#8221;#ffffff&#8221; subtitle_font_size=&#8221;16&#8243; subtitle_color=&#8221;#000000&#8243; description=&#8221;Jako szczeg\u00f3lny zaszczyt postrzega uczestnictwo w zespole wyk\u0142adowc\u00f3w Dental Skills Institute w Warszawie gdzie prowadzi autorskie szkolenia w podyplomowym programie skierowanym dla lekarzy dentyst\u00f3w \u2013 Curriculum Implantologii.<\/p>\n<p>Konsultacje z dr. Zagalakiem to czas, gdy jego dociekliwy umys\u0142 \u0142\u0105czy si\u0119 z cierpliwo\u015bci\u0105 i empati\u0105 \u2013 jasno wyja\u015bnia ka\u017cdy etap leczenia, rozwiewaj\u0105c w\u0105tpliwo\u015bci i buduj\u0105c zaufanie oparte na rzetelnej informacji i przejrzystej komunikacji.<\/p>\n<p>Cho\u0107 stomatologia wype\u0142nia znaczn\u0105 cz\u0119\u015b\u0107 jego \u017cycia, dr Zagalak znajduje czas na fotografi\u0119 \u2013 hobby, kt\u00f3re doskonale wsp\u00f3\u0142gra z jego zmys\u0142em obserwacji i dba\u0142o\u015bci\u0105 o szczeg\u00f3\u0142y. Nieoczywist\u0105 pasj\u0105 tego skrupulatnego profesjonalisty jest saksofon \u2013 instrument, przy kt\u00f3rym jego umys\u0142 znajduje wytchnienie w harmonii d\u017awi\u0119k\u00f3w.<\/p>\n<p>Jego ciep\u0142e  podej\u015bcie i gotowo\u015b\u0107 do wys\u0142uchania sprawiaj\u0105, \u017ce nawet najbardziej skomplikowane procedury staj\u0105 si\u0119 dla pacjent\u00f3w zrozumia\u0142e, daj\u0105c im komfort i poczucie bezpiecze\u0144stwa.<\/p>\n<p>Specjalizuje si\u0119 w:  implantologia, chirurgia stomatologiczna, kompleksowe planowanie leczenia&#8221; description_font_size=&#8221;18&#8243; description_line_height=&#8221;30&#8243; description_color=&#8221;#103879&#8243; margin_top=&#8221;26&#8243; margin_bottom=&#8221;35&#8243;][vc_empty_space height=&#8221;38&#8243;][\/vc_column][vc_column width=&#8221;1\/2&#8243; css=&#8221;.vc_custom_1766344687619{padding-top: 0px !important;background-position: center !important;background-repeat: no-repeat !important;background-size: cover !important;}&#8221;][ct_images_carousel images=&#8221;930,1134&#8243; col_xs=&#8221;1&#8243; col_sm=&#8221;1&#8243; col_md=&#8221;1&#8243; col_lg=&#8221;1&#8243; margin=&#8221;0&#8243; loop=&#8221;true&#8221; autoplay=&#8221;true&#8221; center=&#8221;true&#8221; bullets=&#8221;true&#8221; carousel_height=&#8221;1200&#8243;][\/vc_column][\/vc_row]<\/p>\n<\/div>","protected":false},"excerpt":{"rendered":"<p>[vc_row full_width=&#8221;stretch_row_content_no_spaces&#8221; equal_height=&#8221;yes&#8221; content_placement=&#8221;middle&#8221; ct_row_class=&#8221;bg-primary&#8221;][vc_column width=&#8221;1\/4&#8243; css=&#8221;.vc_custom_1768583343197{padding-top: 0px !important;background-image: url(https:\/\/zagalak.pl\/wp-content\/uploads\/2025\/12\/IMG_1926-scaled.jpeg?id=1119) !important;background-position: center !important;background-repeat: no-repeat !important;background-size: cover !important;}&#8221; offset=&#8221;vc_col-lg-6 vc_col-md-6&#8243;][ct_space space_lg=&#8221;330&#8243; space_md=&#8221;330&#8243; space_sm=&#8221;330&#8243; space_xs=&#8221;150&#8243;][ct_space space_lg=&#8221;330&#8243; space_md=&#8221;330&#8243; space_sm=&#8221;330&#8243; space_xs=&#8221;150&#8243;][ct_space space_lg=&#8221;330&#8243; space_md=&#8221;330&#8243; space_sm=&#8221;330&#8243; space_xs=&#8221;150&#8243;][\/vc_column][vc_column width=&#8221;3\/4&#8243; ct_column_class=&#8221;rm-padding-sm&#8221; css=&#8221;.vc_custom_1767621089695{padding-top: 30px !important;padding-right: 90px !important;padding-bottom: 30px !important;padding-left: 70px !important;}&#8221; offset=&#8221;vc_col-lg-6 vc_col-md-6&#8243;][ct_heading text=&#8221;RAFA\u0141 ZAGALAK&#8221; font_size=&#8221;80&#8243; font_size_md=&#8221;60&#8243; font_size_sm=&#8221;48&#8243; font_size_xs=&#8221;36&#8243; line_height=&#8221;90&#8243; line_height_md=&#8221;70&#8243; line_height_sm=&#8221;60&#8243; line_height_xs=&#8221;48&#8243; font_weight=&#8221;&#8221; [&hellip;]<\/p>\n","protected":false},"author":1,"featured_media":0,"parent":0,"menu_order":0,"comment_status":"closed","ping_status":"closed","template":"","meta":{"footnotes":""},"class_list":["post-950","page","type-page","status-publish","hentry"],"yoast_head":"<!-- This site is optimized with the Yoast SEO plugin v27.5 - https:\/\/yoast.com\/product\/yoast-seo-wordpress\/ -->\n<title>Rafa\u0142 Zagalak - Zagalak<\/title>\n<meta name=\"robots\" content=\"index, follow, max-snippet:-1, max-image-preview:large, max-video-preview:-1\" \/>\n<link rel=\"canonical\" href=\"https:\/\/zagalak.pl\/?page_id=950\" \/>\n<meta property=\"og:locale\" content=\"en_US\" \/>\n<meta property=\"og:type\" content=\"article\" \/>\n<meta property=\"og:title\" content=\"Rafa\u0142 Zagalak - Zagalak\" \/>\n<meta property=\"og:description\" content=\"[vc_row full_width=&#8221;stretch_row_content_no_spaces&#8221; equal_height=&#8221;yes&#8221; content_placement=&#8221;middle&#8221; ct_row_class=&#8221;bg-primary&#8221;][vc_column width=&#8221;1\/4&#8243; css=&#8221;.vc_custom_1768583343197{padding-top: 0px !important;background-image: url(https:\/\/zagalak.pl\/wp-content\/uploads\/2025\/12\/IMG_1926-scaled.jpeg?id=1119) !important;background-position: center !important;background-repeat: no-repeat !important;background-size: cover !important;}&#8221; offset=&#8221;vc_col-lg-6 vc_col-md-6&#8243;][ct_space space_lg=&#8221;330&#8243; space_md=&#8221;330&#8243; space_sm=&#8221;330&#8243; space_xs=&#8221;150&#8243;][ct_space space_lg=&#8221;330&#8243; space_md=&#8221;330&#8243; space_sm=&#8221;330&#8243; space_xs=&#8221;150&#8243;][ct_space space_lg=&#8221;330&#8243; space_md=&#8221;330&#8243; space_sm=&#8221;330&#8243; space_xs=&#8221;150&#8243;][\/vc_column][vc_column width=&#8221;3\/4&#8243; ct_column_class=&#8221;rm-padding-sm&#8221; css=&#8221;.vc_custom_1767621089695{padding-top: 30px !important;padding-right: 90px !important;padding-bottom: 30px !important;padding-left: 70px !important;}&#8221; offset=&#8221;vc_col-lg-6 vc_col-md-6&#8243;][ct_heading text=&#8221;RAFA\u0141 ZAGALAK&#8221; font_size=&#8221;80&#8243; font_size_md=&#8221;60&#8243; font_size_sm=&#8221;48&#8243; font_size_xs=&#8221;36&#8243; line_height=&#8221;90&#8243; line_height_md=&#8221;70&#8243; line_height_sm=&#8221;60&#8243; line_height_xs=&#8221;48&#8243; font_weight=&#8221;&#8221; [&hellip;]\" \/>\n<meta property=\"og:url\" content=\"https:\/\/zagalak.pl\/?page_id=950\" \/>\n<meta property=\"og:site_name\" content=\"Zagalak\" \/>\n<meta property=\"article:modified_time\" content=\"2026-01-16T17:21:14+00:00\" \/>\n<meta name=\"twitter:card\" content=\"summary_large_image\" \/>\n<meta name=\"twitter:label1\" content=\"Est. reading time\" \/>\n\t<meta name=\"twitter:data1\" content=\"4 minutes\" \/>\n<script type=\"application\/ld+json\" class=\"yoast-schema-graph\">{\"@context\":\"https:\\\/\\\/schema.org\",\"@graph\":[{\"@type\":\"WebPage\",\"@id\":\"https:\\\/\\\/zagalak.pl\\\/?page_id=950\",\"url\":\"https:\\\/\\\/zagalak.pl\\\/?page_id=950\",\"name\":\"Rafa\u0142 Zagalak - Zagalak\",\"isPartOf\":{\"@id\":\"https:\\\/\\\/zagalak.pl\\\/#website\"},\"datePublished\":\"2025-12-21T19:14:11+00:00\",\"dateModified\":\"2026-01-16T17:21:14+00:00\",\"breadcrumb\":{\"@id\":\"https:\\\/\\\/zagalak.pl\\\/?page_id=950#breadcrumb\"},\"inLanguage\":\"en-US\",\"potentialAction\":[{\"@type\":\"ReadAction\",\"target\":[\"https:\\\/\\\/zagalak.pl\\\/?page_id=950\"]}]},{\"@type\":\"BreadcrumbList\",\"@id\":\"https:\\\/\\\/zagalak.pl\\\/?page_id=950#breadcrumb\",\"itemListElement\":[{\"@type\":\"ListItem\",\"position\":1,\"name\":\"Home\",\"item\":\"https:\\\/\\\/zagalak.pl\\\/\"},{\"@type\":\"ListItem\",\"position\":2,\"name\":\"Rafa\u0142 Zagalak\"}]},{\"@type\":\"WebSite\",\"@id\":\"https:\\\/\\\/zagalak.pl\\\/#website\",\"url\":\"https:\\\/\\\/zagalak.pl\\\/\",\"name\":\"Zagalak Klinika\",\"description\":\"Wszystkie wizyty stomatologiczne b\u0119d\u0105 umawiane wy\u0142\u0105cznie drog\u0105 telefoniczn\u0105 pod numerami 525824750 oraz w godzinach 9.00 \u2013 14.00. W trakcie rozmowy\u2026 Read More ...\",\"publisher\":{\"@id\":\"https:\\\/\\\/zagalak.pl\\\/#organization\"},\"alternateName\":\"Zagalak Klinika\",\"potentialAction\":[{\"@type\":\"SearchAction\",\"target\":{\"@type\":\"EntryPoint\",\"urlTemplate\":\"https:\\\/\\\/zagalak.pl\\\/?s={search_term_string}\"},\"query-input\":{\"@type\":\"PropertyValueSpecification\",\"valueRequired\":true,\"valueName\":\"search_term_string\"}}],\"inLanguage\":\"en-US\"},{\"@type\":\"Organization\",\"@id\":\"https:\\\/\\\/zagalak.pl\\\/#organization\",\"name\":\"Zagalak\",\"url\":\"https:\\\/\\\/zagalak.pl\\\/\",\"logo\":{\"@type\":\"ImageObject\",\"inLanguage\":\"en-US\",\"@id\":\"https:\\\/\\\/zagalak.pl\\\/#\\\/schema\\\/logo\\\/image\\\/\",\"url\":\"https:\\\/\\\/zagalak.pl\\\/wp-content\\\/uploads\\\/2026\\\/04\\\/images.jpg\",\"contentUrl\":\"https:\\\/\\\/zagalak.pl\\\/wp-content\\\/uploads\\\/2026\\\/04\\\/images.jpg\",\"width\":217,\"height\":232,\"caption\":\"Zagalak\"},\"image\":{\"@id\":\"https:\\\/\\\/zagalak.pl\\\/#\\\/schema\\\/logo\\\/image\\\/\"}}]}<\/script>\n<!-- \/ Yoast SEO plugin. -->","yoast_head_json":{"title":"Rafa\u0142 Zagalak - Zagalak","robots":{"index":"index","follow":"follow","max-snippet":"max-snippet:-1","max-image-preview":"max-image-preview:large","max-video-preview":"max-video-preview:-1"},"canonical":"https:\/\/zagalak.pl\/?page_id=950","og_locale":"en_US","og_type":"article","og_title":"Rafa\u0142 Zagalak - Zagalak","og_description":"[vc_row full_width=&#8221;stretch_row_content_no_spaces&#8221; equal_height=&#8221;yes&#8221; content_placement=&#8221;middle&#8221; ct_row_class=&#8221;bg-primary&#8221;][vc_column width=&#8221;1\/4&#8243; css=&#8221;.vc_custom_1768583343197{padding-top: 0px !important;background-image: url(https:\/\/zagalak.pl\/wp-content\/uploads\/2025\/12\/IMG_1926-scaled.jpeg?id=1119) !important;background-position: center !important;background-repeat: no-repeat !important;background-size: cover !important;}&#8221; offset=&#8221;vc_col-lg-6 vc_col-md-6&#8243;][ct_space space_lg=&#8221;330&#8243; space_md=&#8221;330&#8243; space_sm=&#8221;330&#8243; space_xs=&#8221;150&#8243;][ct_space space_lg=&#8221;330&#8243; space_md=&#8221;330&#8243; space_sm=&#8221;330&#8243; space_xs=&#8221;150&#8243;][ct_space space_lg=&#8221;330&#8243; space_md=&#8221;330&#8243; space_sm=&#8221;330&#8243; space_xs=&#8221;150&#8243;][\/vc_column][vc_column width=&#8221;3\/4&#8243; ct_column_class=&#8221;rm-padding-sm&#8221; css=&#8221;.vc_custom_1767621089695{padding-top: 30px !important;padding-right: 90px !important;padding-bottom: 30px !important;padding-left: 70px !important;}&#8221; offset=&#8221;vc_col-lg-6 vc_col-md-6&#8243;][ct_heading text=&#8221;RAFA\u0141 ZAGALAK&#8221; font_size=&#8221;80&#8243; font_size_md=&#8221;60&#8243; font_size_sm=&#8221;48&#8243; font_size_xs=&#8221;36&#8243; line_height=&#8221;90&#8243; line_height_md=&#8221;70&#8243; line_height_sm=&#8221;60&#8243; line_height_xs=&#8221;48&#8243; font_weight=&#8221;&#8221; [&hellip;]","og_url":"https:\/\/zagalak.pl\/?page_id=950","og_site_name":"Zagalak","article_modified_time":"2026-01-16T17:21:14+00:00","twitter_card":"summary_large_image","twitter_misc":{"Est. reading time":"4 minutes"},"schema":{"@context":"https:\/\/schema.org","@graph":[{"@type":"WebPage","@id":"https:\/\/zagalak.pl\/?page_id=950","url":"https:\/\/zagalak.pl\/?page_id=950","name":"Rafa\u0142 Zagalak - Zagalak","isPartOf":{"@id":"https:\/\/zagalak.pl\/#website"},"datePublished":"2025-12-21T19:14:11+00:00","dateModified":"2026-01-16T17:21:14+00:00","breadcrumb":{"@id":"https:\/\/zagalak.pl\/?page_id=950#breadcrumb"},"inLanguage":"en-US","potentialAction":[{"@type":"ReadAction","target":["https:\/\/zagalak.pl\/?page_id=950"]}]},{"@type":"BreadcrumbList","@id":"https:\/\/zagalak.pl\/?page_id=950#breadcrumb","itemListElement":[{"@type":"ListItem","position":1,"name":"Home","item":"https:\/\/zagalak.pl\/"},{"@type":"ListItem","position":2,"name":"Rafa\u0142 Zagalak"}]},{"@type":"WebSite","@id":"https:\/\/zagalak.pl\/#website","url":"https:\/\/zagalak.pl\/","name":"Zagalak Klinika","description":"Wszystkie wizyty stomatologiczne b\u0119d\u0105 umawiane wy\u0142\u0105cznie drog\u0105 telefoniczn\u0105 pod numerami 525824750 oraz w godzinach 9.00 \u2013 14.00. W trakcie rozmowy\u2026 Read More ...","publisher":{"@id":"https:\/\/zagalak.pl\/#organization"},"alternateName":"Zagalak Klinika","potentialAction":[{"@type":"SearchAction","target":{"@type":"EntryPoint","urlTemplate":"https:\/\/zagalak.pl\/?s={search_term_string}"},"query-input":{"@type":"PropertyValueSpecification","valueRequired":true,"valueName":"search_term_string"}}],"inLanguage":"en-US"},{"@type":"Organization","@id":"https:\/\/zagalak.pl\/#organization","name":"Zagalak","url":"https:\/\/zagalak.pl\/","logo":{"@type":"ImageObject","inLanguage":"en-US","@id":"https:\/\/zagalak.pl\/#\/schema\/logo\/image\/","url":"https:\/\/zagalak.pl\/wp-content\/uploads\/2026\/04\/images.jpg","contentUrl":"https:\/\/zagalak.pl\/wp-content\/uploads\/2026\/04\/images.jpg","width":217,"height":232,"caption":"Zagalak"},"image":{"@id":"https:\/\/zagalak.pl\/#\/schema\/logo\/image\/"}}]}},"_links":{"self":[{"href":"https:\/\/zagalak.pl\/index.php?rest_route=\/wp\/v2\/pages\/950","targetHints":{"allow":["GET"]}}],"collection":[{"href":"https:\/\/zagalak.pl\/index.php?rest_route=\/wp\/v2\/pages"}],"about":[{"href":"https:\/\/zagalak.pl\/index.php?rest_route=\/wp\/v2\/types\/page"}],"author":[{"embeddable":true,"href":"https:\/\/zagalak.pl\/index.php?rest_route=\/wp\/v2\/users\/1"}],"replies":[{"embeddable":true,"href":"https:\/\/zagalak.pl\/index.php?rest_route=%2Fwp%2Fv2%2Fcomments&post=950"}],"version-history":[{"count":22,"href":"https:\/\/zagalak.pl\/index.php?rest_route=\/wp\/v2\/pages\/950\/revisions"}],"predecessor-version":[{"id":1286,"href":"https:\/\/zagalak.pl\/index.php?rest_route=\/wp\/v2\/pages\/950\/revisions\/1286"}],"wp:attachment":[{"href":"https:\/\/zagalak.pl\/index.php?rest_route=%2Fwp%2Fv2%2Fmedia&parent=950"}],"curies":[{"name":"wp","href":"https:\/\/api.w.org\/{rel}","templated":true}]}}