{"id":55,"date":"2018-12-11T09:52:49","date_gmt":"2018-12-11T09:52:49","guid":{"rendered":"https:\/\/demo.casethemes.net\/timan\/?page_id=55"},"modified":"2026-02-02T16:56:20","modified_gmt":"2026-02-02T15:56:20","slug":"doctors","status":"publish","type":"page","link":"https:\/\/zagalak.pl\/?page_id=55","title":{"rendered":"Zesp\u00f3\u0142"},"content":{"rendered":"<div class=\"wpb-content-wrapper\"><p>[vc_row][vc_column css=&#8221;.vc_custom_1544685012166{padding-top: 105px !important;padding-bottom: 85px !important;}&#8221;][ct_doctor_grid order=&#8221;ASC&#8221; img_size=&#8221;full&#8221; col_xs=&#8221;1&#8243; col_sm=&#8221;2&#8243; col_md=&#8221;3&#8243; col_lg=&#8221;3&#8243; col_xl=&#8221;3&#8243;][ct_doctor_grid custom_source=&#8221;true&#8221; order=&#8221;ASC&#8221; img_size=&#8221;full&#8221; col_xs=&#8221;1&#8243; col_sm=&#8221;2&#8243; col_md=&#8221;3&#8243; col_lg=&#8221;3&#8243; col_xl=&#8221;3&#8243; post_ids=&#8221;1157, 1163, 1162&#8243;][ct_doctor_grid custom_source=&#8221;true&#8221; order=&#8221;ASC&#8221; img_size=&#8221;full&#8221; col_xs=&#8221;1&#8243; col_sm=&#8221;2&#8243; col_md=&#8221;3&#8243; col_lg=&#8221;3&#8243; col_xl=&#8221;3&#8243; post_ids=&#8221;1160, 1161&#8243;][ct_doctor_grid custom_source=&#8221;true&#8221; order=&#8221;ASC&#8221; img_size=&#8221;full&#8221; col_xs=&#8221;1&#8243; col_sm=&#8221;2&#8243; col_md=&#8221;3&#8243; col_lg=&#8221;3&#8243; col_xl=&#8221;3&#8243; post_ids=&#8221;1158, 1159&#8243;][\/vc_column][\/vc_row]<\/p>\n<\/div>","protected":false},"excerpt":{"rendered":"<p>[vc_row][vc_column css=&#8221;.vc_custom_1544685012166{padding-top: 105px !important;padding-bottom: 85px !important;}&#8221;][ct_doctor_grid order=&#8221;ASC&#8221; img_size=&#8221;full&#8221; col_xs=&#8221;1&#8243; col_sm=&#8221;2&#8243; col_md=&#8221;3&#8243; col_lg=&#8221;3&#8243; col_xl=&#8221;3&#8243;][ct_doctor_grid custom_source=&#8221;true&#8221; order=&#8221;ASC&#8221; img_size=&#8221;full&#8221; col_xs=&#8221;1&#8243; col_sm=&#8221;2&#8243; col_md=&#8221;3&#8243; col_lg=&#8221;3&#8243; col_xl=&#8221;3&#8243; post_ids=&#8221;1157, 1163, 1162&#8243;][ct_doctor_grid custom_source=&#8221;true&#8221; order=&#8221;ASC&#8221; img_size=&#8221;full&#8221; col_xs=&#8221;1&#8243; col_sm=&#8221;2&#8243; col_md=&#8221;3&#8243; col_lg=&#8221;3&#8243; col_xl=&#8221;3&#8243; post_ids=&#8221;1160, 1161&#8243;][ct_doctor_grid custom_source=&#8221;true&#8221; order=&#8221;ASC&#8221; img_size=&#8221;full&#8221; col_xs=&#8221;1&#8243; col_sm=&#8221;2&#8243; col_md=&#8221;3&#8243; col_lg=&#8221;3&#8243; col_xl=&#8221;3&#8243; post_ids=&#8221;1158, 1159&#8243;][\/vc_column][\/vc_row]<\/p>\n","protected":false},"author":1,"featured_media":0,"parent":0,"menu_order":0,"comment_status":"closed","ping_status":"closed","template":"","meta":{"footnotes":""},"class_list":["post-55","page","type-page","status-publish","hentry"],"yoast_head":"<!-- This site is optimized with the Yoast SEO plugin v27.5 - https:\/\/yoast.com\/product\/yoast-seo-wordpress\/ -->\n<title>Zesp\u00f3\u0142 - Zagalak<\/title>\n<meta name=\"robots\" content=\"index, follow, max-snippet:-1, max-image-preview:large, max-video-preview:-1\" \/>\n<link rel=\"canonical\" href=\"https:\/\/zagalak.pl\/?page_id=55\" \/>\n<meta property=\"og:locale\" content=\"en_US\" \/>\n<meta property=\"og:type\" content=\"article\" \/>\n<meta property=\"og:title\" content=\"Zesp\u00f3\u0142 - Zagalak\" \/>\n<meta property=\"og:description\" content=\"[vc_row][vc_column css=&#8221;.vc_custom_1544685012166{padding-top: 105px !important;padding-bottom: 85px !important;}&#8221;][ct_doctor_grid order=&#8221;ASC&#8221; img_size=&#8221;full&#8221; col_xs=&#8221;1&#8243; col_sm=&#8221;2&#8243; col_md=&#8221;3&#8243; col_lg=&#8221;3&#8243; col_xl=&#8221;3&#8243;][ct_doctor_grid custom_source=&#8221;true&#8221; order=&#8221;ASC&#8221; img_size=&#8221;full&#8221; col_xs=&#8221;1&#8243; col_sm=&#8221;2&#8243; col_md=&#8221;3&#8243; col_lg=&#8221;3&#8243; col_xl=&#8221;3&#8243; post_ids=&#8221;1157, 1163, 1162&#8243;][ct_doctor_grid custom_source=&#8221;true&#8221; order=&#8221;ASC&#8221; img_size=&#8221;full&#8221; col_xs=&#8221;1&#8243; col_sm=&#8221;2&#8243; col_md=&#8221;3&#8243; col_lg=&#8221;3&#8243; col_xl=&#8221;3&#8243; post_ids=&#8221;1160, 1161&#8243;][ct_doctor_grid custom_source=&#8221;true&#8221; order=&#8221;ASC&#8221; img_size=&#8221;full&#8221; col_xs=&#8221;1&#8243; col_sm=&#8221;2&#8243; col_md=&#8221;3&#8243; col_lg=&#8221;3&#8243; col_xl=&#8221;3&#8243; post_ids=&#8221;1158, 1159&#8243;][\/vc_column][\/vc_row]\" \/>\n<meta property=\"og:url\" content=\"https:\/\/zagalak.pl\/?page_id=55\" \/>\n<meta property=\"og:site_name\" content=\"Zagalak\" \/>\n<meta property=\"article:modified_time\" content=\"2026-02-02T15:56:20+00:00\" \/>\n<meta name=\"twitter:card\" content=\"summary_large_image\" \/>\n<meta name=\"twitter:label1\" content=\"Est. reading time\" \/>\n\t<meta name=\"twitter:data1\" content=\"1 minute\" \/>\n<script type=\"application\/ld+json\" class=\"yoast-schema-graph\">{\"@context\":\"https:\\\/\\\/schema.org\",\"@graph\":[{\"@type\":\"WebPage\",\"@id\":\"https:\\\/\\\/zagalak.pl\\\/?page_id=55\",\"url\":\"https:\\\/\\\/zagalak.pl\\\/?page_id=55\",\"name\":\"Zesp\u00f3\u0142 - Zagalak\",\"isPartOf\":{\"@id\":\"https:\\\/\\\/zagalak.pl\\\/#website\"},\"datePublished\":\"2018-12-11T09:52:49+00:00\",\"dateModified\":\"2026-02-02T15:56:20+00:00\",\"breadcrumb\":{\"@id\":\"https:\\\/\\\/zagalak.pl\\\/?page_id=55#breadcrumb\"},\"inLanguage\":\"en-US\",\"potentialAction\":[{\"@type\":\"ReadAction\",\"target\":[\"https:\\\/\\\/zagalak.pl\\\/?page_id=55\"]}]},{\"@type\":\"BreadcrumbList\",\"@id\":\"https:\\\/\\\/zagalak.pl\\\/?page_id=55#breadcrumb\",\"itemListElement\":[{\"@type\":\"ListItem\",\"position\":1,\"name\":\"Home\",\"item\":\"https:\\\/\\\/zagalak.pl\\\/\"},{\"@type\":\"ListItem\",\"position\":2,\"name\":\"Zesp\u00f3\u0142\"}]},{\"@type\":\"WebSite\",\"@id\":\"https:\\\/\\\/zagalak.pl\\\/#website\",\"url\":\"https:\\\/\\\/zagalak.pl\\\/\",\"name\":\"Zagalak Klinika\",\"description\":\"Wszystkie wizyty stomatologiczne b\u0119d\u0105 umawiane wy\u0142\u0105cznie drog\u0105 telefoniczn\u0105 pod numerami 525824750 oraz w godzinach 9.00 \u2013 14.00. W trakcie rozmowy\u2026 Read More ...\",\"publisher\":{\"@id\":\"https:\\\/\\\/zagalak.pl\\\/#organization\"},\"alternateName\":\"Zagalak Klinika\",\"potentialAction\":[{\"@type\":\"SearchAction\",\"target\":{\"@type\":\"EntryPoint\",\"urlTemplate\":\"https:\\\/\\\/zagalak.pl\\\/?s={search_term_string}\"},\"query-input\":{\"@type\":\"PropertyValueSpecification\",\"valueRequired\":true,\"valueName\":\"search_term_string\"}}],\"inLanguage\":\"en-US\"},{\"@type\":\"Organization\",\"@id\":\"https:\\\/\\\/zagalak.pl\\\/#organization\",\"name\":\"Zagalak\",\"url\":\"https:\\\/\\\/zagalak.pl\\\/\",\"logo\":{\"@type\":\"ImageObject\",\"inLanguage\":\"en-US\",\"@id\":\"https:\\\/\\\/zagalak.pl\\\/#\\\/schema\\\/logo\\\/image\\\/\",\"url\":\"https:\\\/\\\/zagalak.pl\\\/wp-content\\\/uploads\\\/2026\\\/04\\\/images.jpg\",\"contentUrl\":\"https:\\\/\\\/zagalak.pl\\\/wp-content\\\/uploads\\\/2026\\\/04\\\/images.jpg\",\"width\":217,\"height\":232,\"caption\":\"Zagalak\"},\"image\":{\"@id\":\"https:\\\/\\\/zagalak.pl\\\/#\\\/schema\\\/logo\\\/image\\\/\"}}]}<\/script>\n<!-- \/ Yoast SEO plugin. -->","yoast_head_json":{"title":"Zesp\u00f3\u0142 - Zagalak","robots":{"index":"index","follow":"follow","max-snippet":"max-snippet:-1","max-image-preview":"max-image-preview:large","max-video-preview":"max-video-preview:-1"},"canonical":"https:\/\/zagalak.pl\/?page_id=55","og_locale":"en_US","og_type":"article","og_title":"Zesp\u00f3\u0142 - Zagalak","og_description":"[vc_row][vc_column css=&#8221;.vc_custom_1544685012166{padding-top: 105px !important;padding-bottom: 85px !important;}&#8221;][ct_doctor_grid order=&#8221;ASC&#8221; img_size=&#8221;full&#8221; col_xs=&#8221;1&#8243; col_sm=&#8221;2&#8243; col_md=&#8221;3&#8243; col_lg=&#8221;3&#8243; col_xl=&#8221;3&#8243;][ct_doctor_grid custom_source=&#8221;true&#8221; order=&#8221;ASC&#8221; img_size=&#8221;full&#8221; col_xs=&#8221;1&#8243; col_sm=&#8221;2&#8243; col_md=&#8221;3&#8243; col_lg=&#8221;3&#8243; col_xl=&#8221;3&#8243; post_ids=&#8221;1157, 1163, 1162&#8243;][ct_doctor_grid custom_source=&#8221;true&#8221; order=&#8221;ASC&#8221; img_size=&#8221;full&#8221; col_xs=&#8221;1&#8243; col_sm=&#8221;2&#8243; col_md=&#8221;3&#8243; col_lg=&#8221;3&#8243; col_xl=&#8221;3&#8243; post_ids=&#8221;1160, 1161&#8243;][ct_doctor_grid custom_source=&#8221;true&#8221; order=&#8221;ASC&#8221; img_size=&#8221;full&#8221; col_xs=&#8221;1&#8243; col_sm=&#8221;2&#8243; col_md=&#8221;3&#8243; col_lg=&#8221;3&#8243; col_xl=&#8221;3&#8243; post_ids=&#8221;1158, 1159&#8243;][\/vc_column][\/vc_row]","og_url":"https:\/\/zagalak.pl\/?page_id=55","og_site_name":"Zagalak","article_modified_time":"2026-02-02T15:56:20+00:00","twitter_card":"summary_large_image","twitter_misc":{"Est. reading time":"1 minute"},"schema":{"@context":"https:\/\/schema.org","@graph":[{"@type":"WebPage","@id":"https:\/\/zagalak.pl\/?page_id=55","url":"https:\/\/zagalak.pl\/?page_id=55","name":"Zesp\u00f3\u0142 - Zagalak","isPartOf":{"@id":"https:\/\/zagalak.pl\/#website"},"datePublished":"2018-12-11T09:52:49+00:00","dateModified":"2026-02-02T15:56:20+00:00","breadcrumb":{"@id":"https:\/\/zagalak.pl\/?page_id=55#breadcrumb"},"inLanguage":"en-US","potentialAction":[{"@type":"ReadAction","target":["https:\/\/zagalak.pl\/?page_id=55"]}]},{"@type":"BreadcrumbList","@id":"https:\/\/zagalak.pl\/?page_id=55#breadcrumb","itemListElement":[{"@type":"ListItem","position":1,"name":"Home","item":"https:\/\/zagalak.pl\/"},{"@type":"ListItem","position":2,"name":"Zesp\u00f3\u0142"}]},{"@type":"WebSite","@id":"https:\/\/zagalak.pl\/#website","url":"https:\/\/zagalak.pl\/","name":"Zagalak Klinika","description":"Wszystkie wizyty stomatologiczne b\u0119d\u0105 umawiane wy\u0142\u0105cznie drog\u0105 telefoniczn\u0105 pod numerami 525824750 oraz w godzinach 9.00 \u2013 14.00. W trakcie rozmowy\u2026 Read More ...","publisher":{"@id":"https:\/\/zagalak.pl\/#organization"},"alternateName":"Zagalak Klinika","potentialAction":[{"@type":"SearchAction","target":{"@type":"EntryPoint","urlTemplate":"https:\/\/zagalak.pl\/?s={search_term_string}"},"query-input":{"@type":"PropertyValueSpecification","valueRequired":true,"valueName":"search_term_string"}}],"inLanguage":"en-US"},{"@type":"Organization","@id":"https:\/\/zagalak.pl\/#organization","name":"Zagalak","url":"https:\/\/zagalak.pl\/","logo":{"@type":"ImageObject","inLanguage":"en-US","@id":"https:\/\/zagalak.pl\/#\/schema\/logo\/image\/","url":"https:\/\/zagalak.pl\/wp-content\/uploads\/2026\/04\/images.jpg","contentUrl":"https:\/\/zagalak.pl\/wp-content\/uploads\/2026\/04\/images.jpg","width":217,"height":232,"caption":"Zagalak"},"image":{"@id":"https:\/\/zagalak.pl\/#\/schema\/logo\/image\/"}}]}},"_links":{"self":[{"href":"https:\/\/zagalak.pl\/index.php?rest_route=\/wp\/v2\/pages\/55","targetHints":{"allow":["GET"]}}],"collection":[{"href":"https:\/\/zagalak.pl\/index.php?rest_route=\/wp\/v2\/pages"}],"about":[{"href":"https:\/\/zagalak.pl\/index.php?rest_route=\/wp\/v2\/types\/page"}],"author":[{"embeddable":true,"href":"https:\/\/zagalak.pl\/index.php?rest_route=\/wp\/v2\/users\/1"}],"replies":[{"embeddable":true,"href":"https:\/\/zagalak.pl\/index.php?rest_route=%2Fwp%2Fv2%2Fcomments&post=55"}],"version-history":[{"count":11,"href":"https:\/\/zagalak.pl\/index.php?rest_route=\/wp\/v2\/pages\/55\/revisions"}],"predecessor-version":[{"id":1322,"href":"https:\/\/zagalak.pl\/index.php?rest_route=\/wp\/v2\/pages\/55\/revisions\/1322"}],"wp:attachment":[{"href":"https:\/\/zagalak.pl\/index.php?rest_route=%2Fwp%2Fv2%2Fmedia&parent=55"}],"curies":[{"name":"wp","href":"https:\/\/api.w.org\/{rel}","templated":true}]}}