{"id":21,"date":"2018-12-11T08:01:00","date_gmt":"2018-12-11T08:01:00","guid":{"rendered":"https:\/\/demo.casethemes.net\/timan\/?page_id=21"},"modified":"2025-12-27T20:57:24","modified_gmt":"2025-12-27T19:57:24","slug":"contact-us","status":"publish","type":"page","link":"https:\/\/zagalak.pl\/?page_id=21","title":{"rendered":"Kontakt"},"content":{"rendered":"<div class=\"wpb-content-wrapper\"><p>[vc_row full_width=&#8221;stretch_row_content_no_spaces&#8221; ct_row_class=&#8221;row-visible&#8221;][vc_column][vc_gmaps link=&#8221;#E-8_JTNDaWZyYW1lJTIwc3JjJTNEJTIyaHR0cHMlM0ElMkYlMkZ3d3cuZ29vZ2xlLmNvbSUyRm1hcHMlMkZlbWJlZCUzRnBiJTNEJTIxMW0xOCUyMTFtMTIlMjExbTMlMjExZDIzOTQuNjk5MTk3MjYwMjczNiUyMTJkMTcuOTc2Mjg2MDc2OTc2MjY1JTIxM2Q1My4xMTU1OTMxOTE5NjM3OCUyMTJtMyUyMTFmMCUyMTJmMCUyMTNmMCUyMTNtMiUyMTFpMTAyNCUyMTJpNzY4JTIxNGYxMy4xJTIxM20zJTIxMW0yJTIxMXMweDQ3MDMxM2FiZTI2NzIzMjMlMjUzQTB4MzFkNjQxMmU3MzU0MWFlNSUyMTJzWmFnYWxhay4lMjUyMEtsaW5pa2ElMjUyMFN0b21hdG9sb2dpY3puYSUyMTVlMCUyMTNtMiUyMTFzcGwlMjEyc3BsJTIxNHYxNzY2ODY1MzYwNTA3JTIxNW0yJTIxMXNwbCUyMTJzcGwlMjIlMjB3aWR0aCUzRCUyMjYwMCUyMiUyMGhlaWdodCUzRCUyMjQ1MCUyMiUyMHN0eWxlJTNEJTIyYm9yZGVyJTNBMCUzQiUyMiUyMGFsbG93ZnVsbHNjcmVlbiUzRCUyMiUyMiUyMGxvYWRpbmclM0QlMjJsYXp5JTIyJTIwcmVmZXJyZXJwb2xpY3klM0QlMjJuby1yZWZlcnJlci13aGVuLWRvd25ncmFkZSUyMiUzRSUzQyUyRmlmcmFtZSUzRQ==&#8221; size=&#8221;600&#8243; css=&#8221;.vc_custom_1766865370496{margin-bottom: 0px !important;}&#8221;][\/vc_column][\/vc_row][vc_row][vc_column ct_column_class=&#8221;rm-padding-lg&#8221; css=&#8221;.vc_custom_1544670154429{padding-top: 32px !important;padding-right: 70px !important;padding-left: 70px !important;}&#8221;][vc_row_inner][vc_column_inner width=&#8221;1\/6&#8243;][\/vc_column_inner][vc_column_inner width=&#8221;2\/3&#8243; ct_column_inner_class=&#8221;rm-padding-sm&#8221; css=&#8221;.vc_custom_1544669575549{padding-right: 40px !important;padding-bottom: 76px !important;padding-left: 40px !important;}&#8221;][ct_heading text=&#8221;Skontaktuj si\u0119 z nami&#8221; align_lg=&#8221;align-center&#8221; align_md=&#8221;align-center-md&#8221; align_sm=&#8221;align-center-sm&#8221; align_xs=&#8221;align-center-xs&#8221; font_weight=&#8221;&#8221; description=&#8221;Lorem ipsum dolor sit amet, consectetur adipisicing elit, sed do eiusmod tempor incididunt ut labore et dolore magna aliqua. Ut enim ad minim veniam, quis nostrud exercitation.&#8221;][\/vc_column_inner][vc_column_inner width=&#8221;1\/6&#8243;][\/vc_column_inner][\/vc_row_inner][ct_contact_form id=&#8221;518&#8243;][\/vc_column][\/vc_row]<\/p>\n<\/div>","protected":false},"excerpt":{"rendered":"<p>[vc_row full_width=&#8221;stretch_row_content_no_spaces&#8221; ct_row_class=&#8221;row-visible&#8221;][vc_column][vc_gmaps link=&#8221;#E-8_JTNDaWZyYW1lJTIwc3JjJTNEJTIyaHR0cHMlM0ElMkYlMkZ3d3cuZ29vZ2xlLmNvbSUyRm1hcHMlMkZlbWJlZCUzRnBiJTNEJTIxMW0xOCUyMTFtMTIlMjExbTMlMjExZDIzOTQuNjk5MTk3MjYwMjczNiUyMTJkMTcuOTc2Mjg2MDc2OTc2MjY1JTIxM2Q1My4xMTU1OTMxOTE5NjM3OCUyMTJtMyUyMTFmMCUyMTJmMCUyMTNmMCUyMTNtMiUyMTFpMTAyNCUyMTJpNzY4JTIxNGYxMy4xJTIxM20zJTIxMW0yJTIxMXMweDQ3MDMxM2FiZTI2NzIzMjMlMjUzQTB4MzFkNjQxMmU3MzU0MWFlNSUyMTJzWmFnYWxhay4lMjUyMEtsaW5pa2ElMjUyMFN0b21hdG9sb2dpY3puYSUyMTVlMCUyMTNtMiUyMTFzcGwlMjEyc3BsJTIxNHYxNzY2ODY1MzYwNTA3JTIxNW0yJTIxMXNwbCUyMTJzcGwlMjIlMjB3aWR0aCUzRCUyMjYwMCUyMiUyMGhlaWdodCUzRCUyMjQ1MCUyMiUyMHN0eWxlJTNEJTIyYm9yZGVyJTNBMCUzQiUyMiUyMGFsbG93ZnVsbHNjcmVlbiUzRCUyMiUyMiUyMGxvYWRpbmclM0QlMjJsYXp5JTIyJTIwcmVmZXJyZXJwb2xpY3klM0QlMjJuby1yZWZlcnJlci13aGVuLWRvd25ncmFkZSUyMiUzRSUzQyUyRmlmcmFtZSUzRQ==&#8221; size=&#8221;600&#8243; css=&#8221;.vc_custom_1766865370496{margin-bottom: 0px !important;}&#8221;][\/vc_column][\/vc_row][vc_row][vc_column ct_column_class=&#8221;rm-padding-lg&#8221; css=&#8221;.vc_custom_1544670154429{padding-top: 32px !important;padding-right: 70px !important;padding-left: 70px !important;}&#8221;][vc_row_inner][vc_column_inner width=&#8221;1\/6&#8243;][\/vc_column_inner][vc_column_inner width=&#8221;2\/3&#8243; ct_column_inner_class=&#8221;rm-padding-sm&#8221; css=&#8221;.vc_custom_1544669575549{padding-right: 40px !important;padding-bottom: 76px !important;padding-left: 40px !important;}&#8221;][ct_heading text=&#8221;Skontaktuj si\u0119 z nami&#8221; align_lg=&#8221;align-center&#8221; align_md=&#8221;align-center-md&#8221; align_sm=&#8221;align-center-sm&#8221; align_xs=&#8221;align-center-xs&#8221; font_weight=&#8221;&#8221; description=&#8221;Lorem ipsum dolor sit amet, consectetur adipisicing elit, sed do eiusmod tempor incididunt ut labore et dolore magna aliqua. Ut [&hellip;]<\/p>\n","protected":false},"author":1,"featured_media":0,"parent":0,"menu_order":0,"comment_status":"closed","ping_status":"closed","template":"","meta":{"footnotes":""},"class_list":["post-21","page","type-page","status-publish","hentry"],"yoast_head":"<!-- This site is optimized with the Yoast SEO plugin v27.5 - https:\/\/yoast.com\/product\/yoast-seo-wordpress\/ -->\n<title>Kontakt - Zagalak<\/title>\n<meta name=\"robots\" content=\"index, follow, max-snippet:-1, max-image-preview:large, max-video-preview:-1\" \/>\n<link rel=\"canonical\" href=\"https:\/\/zagalak.pl\/?page_id=21\" \/>\n<meta property=\"og:locale\" content=\"en_US\" \/>\n<meta property=\"og:type\" content=\"article\" \/>\n<meta property=\"og:title\" content=\"Kontakt - Zagalak\" \/>\n<meta property=\"og:description\" content=\"[vc_row full_width=&#8221;stretch_row_content_no_spaces&#8221; ct_row_class=&#8221;row-visible&#8221;][vc_column][vc_gmaps link=&#8221;#E-8_JTNDaWZyYW1lJTIwc3JjJTNEJTIyaHR0cHMlM0ElMkYlMkZ3d3cuZ29vZ2xlLmNvbSUyRm1hcHMlMkZlbWJlZCUzRnBiJTNEJTIxMW0xOCUyMTFtMTIlMjExbTMlMjExZDIzOTQuNjk5MTk3MjYwMjczNiUyMTJkMTcuOTc2Mjg2MDc2OTc2MjY1JTIxM2Q1My4xMTU1OTMxOTE5NjM3OCUyMTJtMyUyMTFmMCUyMTJmMCUyMTNmMCUyMTNtMiUyMTFpMTAyNCUyMTJpNzY4JTIxNGYxMy4xJTIxM20zJTIxMW0yJTIxMXMweDQ3MDMxM2FiZTI2NzIzMjMlMjUzQTB4MzFkNjQxMmU3MzU0MWFlNSUyMTJzWmFnYWxhay4lMjUyMEtsaW5pa2ElMjUyMFN0b21hdG9sb2dpY3puYSUyMTVlMCUyMTNtMiUyMTFzcGwlMjEyc3BsJTIxNHYxNzY2ODY1MzYwNTA3JTIxNW0yJTIxMXNwbCUyMTJzcGwlMjIlMjB3aWR0aCUzRCUyMjYwMCUyMiUyMGhlaWdodCUzRCUyMjQ1MCUyMiUyMHN0eWxlJTNEJTIyYm9yZGVyJTNBMCUzQiUyMiUyMGFsbG93ZnVsbHNjcmVlbiUzRCUyMiUyMiUyMGxvYWRpbmclM0QlMjJsYXp5JTIyJTIwcmVmZXJyZXJwb2xpY3klM0QlMjJuby1yZWZlcnJlci13aGVuLWRvd25ncmFkZSUyMiUzRSUzQyUyRmlmcmFtZSUzRQ==&#8221; size=&#8221;600&#8243; css=&#8221;.vc_custom_1766865370496{margin-bottom: 0px !important;}&#8221;][\/vc_column][\/vc_row][vc_row][vc_column ct_column_class=&#8221;rm-padding-lg&#8221; css=&#8221;.vc_custom_1544670154429{padding-top: 32px !important;padding-right: 70px !important;padding-left: 70px !important;}&#8221;][vc_row_inner][vc_column_inner width=&#8221;1\/6&#8243;][\/vc_column_inner][vc_column_inner width=&#8221;2\/3&#8243; ct_column_inner_class=&#8221;rm-padding-sm&#8221; css=&#8221;.vc_custom_1544669575549{padding-right: 40px !important;padding-bottom: 76px !important;padding-left: 40px !important;}&#8221;][ct_heading text=&#8221;Skontaktuj si\u0119 z nami&#8221; align_lg=&#8221;align-center&#8221; align_md=&#8221;align-center-md&#8221; align_sm=&#8221;align-center-sm&#8221; align_xs=&#8221;align-center-xs&#8221; font_weight=&#8221;&#8221; description=&#8221;Lorem ipsum dolor sit amet, consectetur adipisicing elit, sed do eiusmod tempor incididunt ut labore et dolore magna aliqua. Ut [&hellip;]\" \/>\n<meta property=\"og:url\" content=\"https:\/\/zagalak.pl\/?page_id=21\" \/>\n<meta property=\"og:site_name\" content=\"Zagalak\" \/>\n<meta property=\"article:modified_time\" content=\"2025-12-27T19:57:24+00:00\" \/>\n<meta name=\"twitter:card\" content=\"summary_large_image\" \/>\n<meta name=\"twitter:label1\" content=\"Est. reading time\" \/>\n\t<meta name=\"twitter:data1\" content=\"1 minute\" \/>\n<script type=\"application\/ld+json\" class=\"yoast-schema-graph\">{\"@context\":\"https:\\\/\\\/schema.org\",\"@graph\":[{\"@type\":\"WebPage\",\"@id\":\"https:\\\/\\\/zagalak.pl\\\/?page_id=21\",\"url\":\"https:\\\/\\\/zagalak.pl\\\/?page_id=21\",\"name\":\"Kontakt - Zagalak\",\"isPartOf\":{\"@id\":\"https:\\\/\\\/zagalak.pl\\\/#website\"},\"datePublished\":\"2018-12-11T08:01:00+00:00\",\"dateModified\":\"2025-12-27T19:57:24+00:00\",\"breadcrumb\":{\"@id\":\"https:\\\/\\\/zagalak.pl\\\/?page_id=21#breadcrumb\"},\"inLanguage\":\"en-US\",\"potentialAction\":[{\"@type\":\"ReadAction\",\"target\":[\"https:\\\/\\\/zagalak.pl\\\/?page_id=21\"]}]},{\"@type\":\"BreadcrumbList\",\"@id\":\"https:\\\/\\\/zagalak.pl\\\/?page_id=21#breadcrumb\",\"itemListElement\":[{\"@type\":\"ListItem\",\"position\":1,\"name\":\"Home\",\"item\":\"https:\\\/\\\/zagalak.pl\\\/\"},{\"@type\":\"ListItem\",\"position\":2,\"name\":\"Kontakt\"}]},{\"@type\":\"WebSite\",\"@id\":\"https:\\\/\\\/zagalak.pl\\\/#website\",\"url\":\"https:\\\/\\\/zagalak.pl\\\/\",\"name\":\"Zagalak Klinika\",\"description\":\"Wszystkie wizyty stomatologiczne b\u0119d\u0105 umawiane wy\u0142\u0105cznie drog\u0105 telefoniczn\u0105 pod numerami 525824750 oraz w godzinach 9.00 \u2013 14.00. W trakcie rozmowy\u2026 Read More ...\",\"publisher\":{\"@id\":\"https:\\\/\\\/zagalak.pl\\\/#organization\"},\"alternateName\":\"Zagalak Klinika\",\"potentialAction\":[{\"@type\":\"SearchAction\",\"target\":{\"@type\":\"EntryPoint\",\"urlTemplate\":\"https:\\\/\\\/zagalak.pl\\\/?s={search_term_string}\"},\"query-input\":{\"@type\":\"PropertyValueSpecification\",\"valueRequired\":true,\"valueName\":\"search_term_string\"}}],\"inLanguage\":\"en-US\"},{\"@type\":\"Organization\",\"@id\":\"https:\\\/\\\/zagalak.pl\\\/#organization\",\"name\":\"Zagalak\",\"url\":\"https:\\\/\\\/zagalak.pl\\\/\",\"logo\":{\"@type\":\"ImageObject\",\"inLanguage\":\"en-US\",\"@id\":\"https:\\\/\\\/zagalak.pl\\\/#\\\/schema\\\/logo\\\/image\\\/\",\"url\":\"https:\\\/\\\/zagalak.pl\\\/wp-content\\\/uploads\\\/2026\\\/04\\\/images.jpg\",\"contentUrl\":\"https:\\\/\\\/zagalak.pl\\\/wp-content\\\/uploads\\\/2026\\\/04\\\/images.jpg\",\"width\":217,\"height\":232,\"caption\":\"Zagalak\"},\"image\":{\"@id\":\"https:\\\/\\\/zagalak.pl\\\/#\\\/schema\\\/logo\\\/image\\\/\"}}]}<\/script>\n<!-- \/ Yoast SEO plugin. -->","yoast_head_json":{"title":"Kontakt - Zagalak","robots":{"index":"index","follow":"follow","max-snippet":"max-snippet:-1","max-image-preview":"max-image-preview:large","max-video-preview":"max-video-preview:-1"},"canonical":"https:\/\/zagalak.pl\/?page_id=21","og_locale":"en_US","og_type":"article","og_title":"Kontakt - Zagalak","og_description":"[vc_row full_width=&#8221;stretch_row_content_no_spaces&#8221; ct_row_class=&#8221;row-visible&#8221;][vc_column][vc_gmaps link=&#8221;#E-8_JTNDaWZyYW1lJTIwc3JjJTNEJTIyaHR0cHMlM0ElMkYlMkZ3d3cuZ29vZ2xlLmNvbSUyRm1hcHMlMkZlbWJlZCUzRnBiJTNEJTIxMW0xOCUyMTFtMTIlMjExbTMlMjExZDIzOTQuNjk5MTk3MjYwMjczNiUyMTJkMTcuOTc2Mjg2MDc2OTc2MjY1JTIxM2Q1My4xMTU1OTMxOTE5NjM3OCUyMTJtMyUyMTFmMCUyMTJmMCUyMTNmMCUyMTNtMiUyMTFpMTAyNCUyMTJpNzY4JTIxNGYxMy4xJTIxM20zJTIxMW0yJTIxMXMweDQ3MDMxM2FiZTI2NzIzMjMlMjUzQTB4MzFkNjQxMmU3MzU0MWFlNSUyMTJzWmFnYWxhay4lMjUyMEtsaW5pa2ElMjUyMFN0b21hdG9sb2dpY3puYSUyMTVlMCUyMTNtMiUyMTFzcGwlMjEyc3BsJTIxNHYxNzY2ODY1MzYwNTA3JTIxNW0yJTIxMXNwbCUyMTJzcGwlMjIlMjB3aWR0aCUzRCUyMjYwMCUyMiUyMGhlaWdodCUzRCUyMjQ1MCUyMiUyMHN0eWxlJTNEJTIyYm9yZGVyJTNBMCUzQiUyMiUyMGFsbG93ZnVsbHNjcmVlbiUzRCUyMiUyMiUyMGxvYWRpbmclM0QlMjJsYXp5JTIyJTIwcmVmZXJyZXJwb2xpY3klM0QlMjJuby1yZWZlcnJlci13aGVuLWRvd25ncmFkZSUyMiUzRSUzQyUyRmlmcmFtZSUzRQ==&#8221; size=&#8221;600&#8243; css=&#8221;.vc_custom_1766865370496{margin-bottom: 0px !important;}&#8221;][\/vc_column][\/vc_row][vc_row][vc_column ct_column_class=&#8221;rm-padding-lg&#8221; css=&#8221;.vc_custom_1544670154429{padding-top: 32px !important;padding-right: 70px !important;padding-left: 70px !important;}&#8221;][vc_row_inner][vc_column_inner width=&#8221;1\/6&#8243;][\/vc_column_inner][vc_column_inner width=&#8221;2\/3&#8243; ct_column_inner_class=&#8221;rm-padding-sm&#8221; css=&#8221;.vc_custom_1544669575549{padding-right: 40px !important;padding-bottom: 76px !important;padding-left: 40px !important;}&#8221;][ct_heading text=&#8221;Skontaktuj si\u0119 z nami&#8221; align_lg=&#8221;align-center&#8221; align_md=&#8221;align-center-md&#8221; align_sm=&#8221;align-center-sm&#8221; align_xs=&#8221;align-center-xs&#8221; font_weight=&#8221;&#8221; description=&#8221;Lorem ipsum dolor sit amet, consectetur adipisicing elit, sed do eiusmod tempor incididunt ut labore et dolore magna aliqua. Ut [&hellip;]","og_url":"https:\/\/zagalak.pl\/?page_id=21","og_site_name":"Zagalak","article_modified_time":"2025-12-27T19:57:24+00:00","twitter_card":"summary_large_image","twitter_misc":{"Est. reading time":"1 minute"},"schema":{"@context":"https:\/\/schema.org","@graph":[{"@type":"WebPage","@id":"https:\/\/zagalak.pl\/?page_id=21","url":"https:\/\/zagalak.pl\/?page_id=21","name":"Kontakt - Zagalak","isPartOf":{"@id":"https:\/\/zagalak.pl\/#website"},"datePublished":"2018-12-11T08:01:00+00:00","dateModified":"2025-12-27T19:57:24+00:00","breadcrumb":{"@id":"https:\/\/zagalak.pl\/?page_id=21#breadcrumb"},"inLanguage":"en-US","potentialAction":[{"@type":"ReadAction","target":["https:\/\/zagalak.pl\/?page_id=21"]}]},{"@type":"BreadcrumbList","@id":"https:\/\/zagalak.pl\/?page_id=21#breadcrumb","itemListElement":[{"@type":"ListItem","position":1,"name":"Home","item":"https:\/\/zagalak.pl\/"},{"@type":"ListItem","position":2,"name":"Kontakt"}]},{"@type":"WebSite","@id":"https:\/\/zagalak.pl\/#website","url":"https:\/\/zagalak.pl\/","name":"Zagalak Klinika","description":"Wszystkie wizyty stomatologiczne b\u0119d\u0105 umawiane wy\u0142\u0105cznie drog\u0105 telefoniczn\u0105 pod numerami 525824750 oraz w godzinach 9.00 \u2013 14.00. W trakcie rozmowy\u2026 Read More ...","publisher":{"@id":"https:\/\/zagalak.pl\/#organization"},"alternateName":"Zagalak Klinika","potentialAction":[{"@type":"SearchAction","target":{"@type":"EntryPoint","urlTemplate":"https:\/\/zagalak.pl\/?s={search_term_string}"},"query-input":{"@type":"PropertyValueSpecification","valueRequired":true,"valueName":"search_term_string"}}],"inLanguage":"en-US"},{"@type":"Organization","@id":"https:\/\/zagalak.pl\/#organization","name":"Zagalak","url":"https:\/\/zagalak.pl\/","logo":{"@type":"ImageObject","inLanguage":"en-US","@id":"https:\/\/zagalak.pl\/#\/schema\/logo\/image\/","url":"https:\/\/zagalak.pl\/wp-content\/uploads\/2026\/04\/images.jpg","contentUrl":"https:\/\/zagalak.pl\/wp-content\/uploads\/2026\/04\/images.jpg","width":217,"height":232,"caption":"Zagalak"},"image":{"@id":"https:\/\/zagalak.pl\/#\/schema\/logo\/image\/"}}]}},"_links":{"self":[{"href":"https:\/\/zagalak.pl\/index.php?rest_route=\/wp\/v2\/pages\/21","targetHints":{"allow":["GET"]}}],"collection":[{"href":"https:\/\/zagalak.pl\/index.php?rest_route=\/wp\/v2\/pages"}],"about":[{"href":"https:\/\/zagalak.pl\/index.php?rest_route=\/wp\/v2\/types\/page"}],"author":[{"embeddable":true,"href":"https:\/\/zagalak.pl\/index.php?rest_route=\/wp\/v2\/users\/1"}],"replies":[{"embeddable":true,"href":"https:\/\/zagalak.pl\/index.php?rest_route=%2Fwp%2Fv2%2Fcomments&post=21"}],"version-history":[{"count":4,"href":"https:\/\/zagalak.pl\/index.php?rest_route=\/wp\/v2\/pages\/21\/revisions"}],"predecessor-version":[{"id":1056,"href":"https:\/\/zagalak.pl\/index.php?rest_route=\/wp\/v2\/pages\/21\/revisions\/1056"}],"wp:attachment":[{"href":"https:\/\/zagalak.pl\/index.php?rest_route=%2Fwp%2Fv2%2Fmedia&parent=21"}],"curies":[{"name":"wp","href":"https:\/\/api.w.org\/{rel}","templated":true}]}}