{"id":15,"date":"2018-12-11T08:00:11","date_gmt":"2018-12-11T08:00:11","guid":{"rendered":"https:\/\/demo.casethemes.net\/timan\/?page_id=15"},"modified":"2026-02-02T17:03:47","modified_gmt":"2026-02-02T16:03:47","slug":"leczenie","status":"publish","type":"page","link":"https:\/\/zagalak.pl\/?page_id=15","title":{"rendered":"Leczenie"},"content":{"rendered":"<div class=\"wpb-content-wrapper\"><p>[vc_row full_height=&#8221;yes&#8221; content_placement=&#8221;middle&#8221; css=&#8221;.vc_custom_1766332271930{padding-top: 150px !important;padding-bottom: 120px !important;}&#8221;][vc_column width=&#8221;5\/12&#8243; css=&#8221;.vc_custom_1766330090834{padding-bottom: 0px !important;}&#8221;][vc_single_image image=&#8221;943&#8243; img_size=&#8221;full&#8221; alignment=&#8221;right&#8221; css_animation=&#8221;fadeInRight&#8221; css=&#8221;.vc_custom_1766401935818{margin-bottom: 0px !important;}&#8221; ct_image_align_md=&#8221;image_align_sm_center&#8221; ct_image_align=&#8221;image_align_xs_center&#8221;][\/vc_column][vc_column width=&#8221;7\/12&#8243; ct_column_class=&#8221;rm-padding-lg&#8221; css=&#8221;.vc_custom_1766330635371{padding-top: 20px !important;padding-right: 50px !important;padding-bottom: -20px !important;}&#8221;][ct_heading text=&#8221;Kompleksowa opieka stomatologiczna&#8221; font_weight=&#8221;&#8221; subtitle=&#8221;Leczenie&#8221; description=&#8221;W Klinice Zagalak Pacjent znajduje si\u0119 w centrum uwagi zespo\u0142u z ponad 30-letnim do\u015bwiadczeniem klinicznym. Ka\u017cdy zabieg wykonywany jest zgodnie z najwy\u017cszymi standardami bezpiecze\u0144stwa i sterylno\u015bci, w warunkach gwarantuj\u0105cych maksymalny komfort. Dzi\u0119ki kompleksowemu podej\u015bciu do leczenia, pacjenci otrzymuj\u0105 pe\u0142n\u0105 opiek\u0119 \u201cpod jednym dachem\u201d &#8211; od diagnostyki, przez leczenie zachowawcze,chirurgiczne, a\u017c po skomplikowane procedury implantologiczne czy protetyczne.<\/p>\n<p>Profesjonalizm zespo\u0142u Kliniki Zagalak to nie tylko rozleg\u0142a wiedza i wysokie kompetencje, ale r\u00f3wnie\u017c nieustanne doskonalenie umiej\u0119tno\u015bci oraz wdra\u017canie najnowszych osi\u0105gni\u0119\u0107 \u015bwiatowej stomatologii.&#8221; description_color=&#8221;#2E5688&#8243; margin_top=&#8221;25&#8243; margin_bottom=&#8221;16&#8243;][\/vc_column][\/vc_row][vc_row][vc_column css=&#8221;.vc_custom_1544694814255{padding-top: 105px !important;padding-bottom: 75px !important;}&#8221;][ct_service_grid limit=&#8221;9&#8243; col_xs=&#8221;1&#8243; col_sm=&#8221;2&#8243; col_md=&#8221;3&#8243; col_lg=&#8221;3&#8243; col_xl=&#8221;3&#8243;][\/vc_column][\/vc_row][vc_row full_width=&#8221;stretch_row&#8221; css=&#8221;.vc_custom_1766332733057{padding-top: 56px !important;padding-bottom: 120px !important;background-color: #F8FBFF !important;}&#8221;][vc_column width=&#8221;1\/2&#8243; ct_column_class=&#8221;rm-padding-md&#8221; css=&#8221;.vc_custom_1545195619725{padding-top: 64px !important;padding-right: 35px !important;}&#8221;][ct_contact_form id=&#8221;518&#8243; form_style=&#8221;modern&#8221; sub_title=&#8221;Masz pytania? Chcesz si\u0119 zapisa\u0107 na wizyt\u0119?&#8221; title=&#8221;Skontaktuj si\u0119 z nami&#8221;][\/vc_column][vc_column width=&#8221;1\/2&#8243; ct_column_class=&#8221;rm-padding-md&#8221; css=&#8221;.vc_custom_1545195625522{padding-top: 64px !important;padding-left: 35px !important;}&#8221;][vc_single_image image=&#8221;861&#8243; img_size=&#8221;full&#8221; alignment=&#8221;center&#8221; css=&#8221;.vc_custom_1766332765737{margin-bottom: 46px !important;}&#8221;][ct_heading text=&#8221;Klinika Zagalak&#8221; font_size=&#8221;50&#8243; font_size_md=&#8221;50&#8243; font_size_sm=&#8221;36&#8243; font_size_xs=&#8221;32&#8243; font_weight=&#8221;&#8221; description=&#8221;W Klinice Zagalak jako\u015b\u0107 nie jest celem \u2013 jest standardem. Ka\u017cdy etap leczenia, od pierwszej konsultacji po finaln\u0105 kontrol\u0119, realizujemy z najwy\u017csz\u0105 staranno\u015bci\u0105 i dba\u0142o\u015bci\u0105 o szczeg\u00f3\u0142y. Wykorzystujemy wy\u0142\u0105cznie sprawdzone materia\u0142y i technologie o potwierdzonej skuteczno\u015bci klinicznej. Bezpiecze\u0144stwo procedur medycznych weryfikujemy w oparciu o najnowsze badania naukowe i mi\u0119dzynarodowe standardy.&#8221; description_color=&#8221;#2E5688&#8243; margin_top=&#8221;4&#8243; margin_bottom=&#8221;20&#8243;][\/vc_column][\/vc_row]<\/p>\n<\/div>","protected":false},"excerpt":{"rendered":"<p>[vc_row full_height=&#8221;yes&#8221; content_placement=&#8221;middle&#8221; css=&#8221;.vc_custom_1766332271930{padding-top: 150px !important;padding-bottom: 120px !important;}&#8221;][vc_column width=&#8221;5\/12&#8243; css=&#8221;.vc_custom_1766330090834{padding-bottom: 0px !important;}&#8221;][vc_single_image image=&#8221;943&#8243; img_size=&#8221;full&#8221; alignment=&#8221;right&#8221; css_animation=&#8221;fadeInRight&#8221; css=&#8221;.vc_custom_1766401935818{margin-bottom: 0px !important;}&#8221; ct_image_align_md=&#8221;image_align_sm_center&#8221; ct_image_align=&#8221;image_align_xs_center&#8221;][\/vc_column][vc_column width=&#8221;7\/12&#8243; ct_column_class=&#8221;rm-padding-lg&#8221; css=&#8221;.vc_custom_1766330635371{padding-top: 20px !important;padding-right: 50px !important;padding-bottom: -20px !important;}&#8221;][ct_heading text=&#8221;Kompleksowa opieka stomatologiczna&#8221; font_weight=&#8221;&#8221; subtitle=&#8221;Leczenie&#8221; description=&#8221;W Klinice Zagalak Pacjent znajduje si\u0119 w centrum uwagi zespo\u0142u z ponad 30-letnim do\u015bwiadczeniem klinicznym. Ka\u017cdy zabieg wykonywany jest zgodnie [&hellip;]<\/p>\n","protected":false},"author":1,"featured_media":0,"parent":0,"menu_order":0,"comment_status":"closed","ping_status":"closed","template":"","meta":{"footnotes":""},"class_list":["post-15","page","type-page","status-publish","hentry"],"yoast_head":"<!-- This site is optimized with the Yoast SEO plugin v27.5 - https:\/\/yoast.com\/product\/yoast-seo-wordpress\/ -->\n<title>Leczenie - Zagalak<\/title>\n<meta name=\"robots\" content=\"index, follow, max-snippet:-1, max-image-preview:large, max-video-preview:-1\" \/>\n<link rel=\"canonical\" href=\"https:\/\/zagalak.pl\/?page_id=15\" \/>\n<meta property=\"og:locale\" content=\"en_US\" \/>\n<meta property=\"og:type\" content=\"article\" \/>\n<meta property=\"og:title\" content=\"Leczenie - Zagalak\" \/>\n<meta property=\"og:description\" content=\"[vc_row full_height=&#8221;yes&#8221; content_placement=&#8221;middle&#8221; css=&#8221;.vc_custom_1766332271930{padding-top: 150px !important;padding-bottom: 120px !important;}&#8221;][vc_column width=&#8221;5\/12&#8243; css=&#8221;.vc_custom_1766330090834{padding-bottom: 0px !important;}&#8221;][vc_single_image image=&#8221;943&#8243; img_size=&#8221;full&#8221; alignment=&#8221;right&#8221; css_animation=&#8221;fadeInRight&#8221; css=&#8221;.vc_custom_1766401935818{margin-bottom: 0px !important;}&#8221; ct_image_align_md=&#8221;image_align_sm_center&#8221; ct_image_align=&#8221;image_align_xs_center&#8221;][\/vc_column][vc_column width=&#8221;7\/12&#8243; ct_column_class=&#8221;rm-padding-lg&#8221; css=&#8221;.vc_custom_1766330635371{padding-top: 20px !important;padding-right: 50px !important;padding-bottom: -20px !important;}&#8221;][ct_heading text=&#8221;Kompleksowa opieka stomatologiczna&#8221; font_weight=&#8221;&#8221; subtitle=&#8221;Leczenie&#8221; description=&#8221;W Klinice Zagalak Pacjent znajduje si\u0119 w centrum uwagi zespo\u0142u z ponad 30-letnim do\u015bwiadczeniem klinicznym. Ka\u017cdy zabieg wykonywany jest zgodnie [&hellip;]\" \/>\n<meta property=\"og:url\" content=\"https:\/\/zagalak.pl\/?page_id=15\" \/>\n<meta property=\"og:site_name\" content=\"Zagalak\" \/>\n<meta property=\"article:modified_time\" content=\"2026-02-02T16:03:47+00:00\" \/>\n<meta name=\"twitter:card\" content=\"summary_large_image\" \/>\n<meta name=\"twitter:label1\" content=\"Est. reading time\" \/>\n\t<meta name=\"twitter:data1\" content=\"2 minutes\" \/>\n<script type=\"application\/ld+json\" class=\"yoast-schema-graph\">{\"@context\":\"https:\\\/\\\/schema.org\",\"@graph\":[{\"@type\":\"WebPage\",\"@id\":\"https:\\\/\\\/zagalak.pl\\\/?page_id=15\",\"url\":\"https:\\\/\\\/zagalak.pl\\\/?page_id=15\",\"name\":\"Leczenie - Zagalak\",\"isPartOf\":{\"@id\":\"https:\\\/\\\/zagalak.pl\\\/#website\"},\"datePublished\":\"2018-12-11T08:00:11+00:00\",\"dateModified\":\"2026-02-02T16:03:47+00:00\",\"breadcrumb\":{\"@id\":\"https:\\\/\\\/zagalak.pl\\\/?page_id=15#breadcrumb\"},\"inLanguage\":\"en-US\",\"potentialAction\":[{\"@type\":\"ReadAction\",\"target\":[\"https:\\\/\\\/zagalak.pl\\\/?page_id=15\"]}]},{\"@type\":\"BreadcrumbList\",\"@id\":\"https:\\\/\\\/zagalak.pl\\\/?page_id=15#breadcrumb\",\"itemListElement\":[{\"@type\":\"ListItem\",\"position\":1,\"name\":\"Home\",\"item\":\"https:\\\/\\\/zagalak.pl\\\/\"},{\"@type\":\"ListItem\",\"position\":2,\"name\":\"Leczenie\"}]},{\"@type\":\"WebSite\",\"@id\":\"https:\\\/\\\/zagalak.pl\\\/#website\",\"url\":\"https:\\\/\\\/zagalak.pl\\\/\",\"name\":\"Zagalak Klinika\",\"description\":\"Wszystkie wizyty stomatologiczne b\u0119d\u0105 umawiane wy\u0142\u0105cznie drog\u0105 telefoniczn\u0105 pod numerami 525824750 oraz w godzinach 9.00 \u2013 14.00. W trakcie rozmowy\u2026 Read More ...\",\"publisher\":{\"@id\":\"https:\\\/\\\/zagalak.pl\\\/#organization\"},\"alternateName\":\"Zagalak Klinika\",\"potentialAction\":[{\"@type\":\"SearchAction\",\"target\":{\"@type\":\"EntryPoint\",\"urlTemplate\":\"https:\\\/\\\/zagalak.pl\\\/?s={search_term_string}\"},\"query-input\":{\"@type\":\"PropertyValueSpecification\",\"valueRequired\":true,\"valueName\":\"search_term_string\"}}],\"inLanguage\":\"en-US\"},{\"@type\":\"Organization\",\"@id\":\"https:\\\/\\\/zagalak.pl\\\/#organization\",\"name\":\"Zagalak\",\"url\":\"https:\\\/\\\/zagalak.pl\\\/\",\"logo\":{\"@type\":\"ImageObject\",\"inLanguage\":\"en-US\",\"@id\":\"https:\\\/\\\/zagalak.pl\\\/#\\\/schema\\\/logo\\\/image\\\/\",\"url\":\"https:\\\/\\\/zagalak.pl\\\/wp-content\\\/uploads\\\/2026\\\/04\\\/images.jpg\",\"contentUrl\":\"https:\\\/\\\/zagalak.pl\\\/wp-content\\\/uploads\\\/2026\\\/04\\\/images.jpg\",\"width\":217,\"height\":232,\"caption\":\"Zagalak\"},\"image\":{\"@id\":\"https:\\\/\\\/zagalak.pl\\\/#\\\/schema\\\/logo\\\/image\\\/\"}}]}<\/script>\n<!-- \/ Yoast SEO plugin. -->","yoast_head_json":{"title":"Leczenie - Zagalak","robots":{"index":"index","follow":"follow","max-snippet":"max-snippet:-1","max-image-preview":"max-image-preview:large","max-video-preview":"max-video-preview:-1"},"canonical":"https:\/\/zagalak.pl\/?page_id=15","og_locale":"en_US","og_type":"article","og_title":"Leczenie - Zagalak","og_description":"[vc_row full_height=&#8221;yes&#8221; content_placement=&#8221;middle&#8221; css=&#8221;.vc_custom_1766332271930{padding-top: 150px !important;padding-bottom: 120px !important;}&#8221;][vc_column width=&#8221;5\/12&#8243; css=&#8221;.vc_custom_1766330090834{padding-bottom: 0px !important;}&#8221;][vc_single_image image=&#8221;943&#8243; img_size=&#8221;full&#8221; alignment=&#8221;right&#8221; css_animation=&#8221;fadeInRight&#8221; css=&#8221;.vc_custom_1766401935818{margin-bottom: 0px !important;}&#8221; ct_image_align_md=&#8221;image_align_sm_center&#8221; ct_image_align=&#8221;image_align_xs_center&#8221;][\/vc_column][vc_column width=&#8221;7\/12&#8243; ct_column_class=&#8221;rm-padding-lg&#8221; css=&#8221;.vc_custom_1766330635371{padding-top: 20px !important;padding-right: 50px !important;padding-bottom: -20px !important;}&#8221;][ct_heading text=&#8221;Kompleksowa opieka stomatologiczna&#8221; font_weight=&#8221;&#8221; subtitle=&#8221;Leczenie&#8221; description=&#8221;W Klinice Zagalak Pacjent znajduje si\u0119 w centrum uwagi zespo\u0142u z ponad 30-letnim do\u015bwiadczeniem klinicznym. Ka\u017cdy zabieg wykonywany jest zgodnie [&hellip;]","og_url":"https:\/\/zagalak.pl\/?page_id=15","og_site_name":"Zagalak","article_modified_time":"2026-02-02T16:03:47+00:00","twitter_card":"summary_large_image","twitter_misc":{"Est. reading time":"2 minutes"},"schema":{"@context":"https:\/\/schema.org","@graph":[{"@type":"WebPage","@id":"https:\/\/zagalak.pl\/?page_id=15","url":"https:\/\/zagalak.pl\/?page_id=15","name":"Leczenie - Zagalak","isPartOf":{"@id":"https:\/\/zagalak.pl\/#website"},"datePublished":"2018-12-11T08:00:11+00:00","dateModified":"2026-02-02T16:03:47+00:00","breadcrumb":{"@id":"https:\/\/zagalak.pl\/?page_id=15#breadcrumb"},"inLanguage":"en-US","potentialAction":[{"@type":"ReadAction","target":["https:\/\/zagalak.pl\/?page_id=15"]}]},{"@type":"BreadcrumbList","@id":"https:\/\/zagalak.pl\/?page_id=15#breadcrumb","itemListElement":[{"@type":"ListItem","position":1,"name":"Home","item":"https:\/\/zagalak.pl\/"},{"@type":"ListItem","position":2,"name":"Leczenie"}]},{"@type":"WebSite","@id":"https:\/\/zagalak.pl\/#website","url":"https:\/\/zagalak.pl\/","name":"Zagalak Klinika","description":"Wszystkie wizyty stomatologiczne b\u0119d\u0105 umawiane wy\u0142\u0105cznie drog\u0105 telefoniczn\u0105 pod numerami 525824750 oraz w godzinach 9.00 \u2013 14.00. W trakcie rozmowy\u2026 Read More ...","publisher":{"@id":"https:\/\/zagalak.pl\/#organization"},"alternateName":"Zagalak Klinika","potentialAction":[{"@type":"SearchAction","target":{"@type":"EntryPoint","urlTemplate":"https:\/\/zagalak.pl\/?s={search_term_string}"},"query-input":{"@type":"PropertyValueSpecification","valueRequired":true,"valueName":"search_term_string"}}],"inLanguage":"en-US"},{"@type":"Organization","@id":"https:\/\/zagalak.pl\/#organization","name":"Zagalak","url":"https:\/\/zagalak.pl\/","logo":{"@type":"ImageObject","inLanguage":"en-US","@id":"https:\/\/zagalak.pl\/#\/schema\/logo\/image\/","url":"https:\/\/zagalak.pl\/wp-content\/uploads\/2026\/04\/images.jpg","contentUrl":"https:\/\/zagalak.pl\/wp-content\/uploads\/2026\/04\/images.jpg","width":217,"height":232,"caption":"Zagalak"},"image":{"@id":"https:\/\/zagalak.pl\/#\/schema\/logo\/image\/"}}]}},"_links":{"self":[{"href":"https:\/\/zagalak.pl\/index.php?rest_route=\/wp\/v2\/pages\/15","targetHints":{"allow":["GET"]}}],"collection":[{"href":"https:\/\/zagalak.pl\/index.php?rest_route=\/wp\/v2\/pages"}],"about":[{"href":"https:\/\/zagalak.pl\/index.php?rest_route=\/wp\/v2\/types\/page"}],"author":[{"embeddable":true,"href":"https:\/\/zagalak.pl\/index.php?rest_route=\/wp\/v2\/users\/1"}],"replies":[{"embeddable":true,"href":"https:\/\/zagalak.pl\/index.php?rest_route=%2Fwp%2Fv2%2Fcomments&post=15"}],"version-history":[{"count":9,"href":"https:\/\/zagalak.pl\/index.php?rest_route=\/wp\/v2\/pages\/15\/revisions"}],"predecessor-version":[{"id":1326,"href":"https:\/\/zagalak.pl\/index.php?rest_route=\/wp\/v2\/pages\/15\/revisions\/1326"}],"wp:attachment":[{"href":"https:\/\/zagalak.pl\/index.php?rest_route=%2Fwp%2Fv2%2Fmedia&parent=15"}],"curies":[{"name":"wp","href":"https:\/\/api.w.org\/{rel}","templated":true}]}}